{"id":3,"date":"2019-08-29T13:03:05","date_gmt":"2019-08-29T13:03:05","guid":{"rendered":"https:\/\/Sorakersfolketshus.se\/?page_id=3"},"modified":"2020-01-21T12:49:51","modified_gmt":"2020-01-21T12:49:51","slug":"privacy-policy","status":"publish","type":"page","link":"https:\/\/Sorakersfolketshus.se\/?page_id=3","title":{"rendered":"Integritetspolicy"},"content":{"rendered":"\n<h2 class=\"wp-block-heading\">Vilka vi \u00e4r<\/h2>\n\n\n\n<p>Vi \u00e4r den ekonomiska f\u00f6reningen S\u00f6r\u00e5kers Folketshusf\u00f6rening u.p.a.<br>V\u00e5r hemsida \u00e4r www.sorakersfolketshus.se<\/p>\n\n\n\n<h2 class=\"wp-block-heading\">Sparande av information<\/h2>\n\n\n\n<h3 class=\"wp-block-heading\">Cookies<\/h3>\n\n\n\n<p>V\u00e5r sida, och tredje part, kan spara s\u00e5 kallade kakor, f\u00f6r g\u00f6ra upplevelsen b\u00e4ttre f\u00f6r er. <\/p>\n\n\n\n<p>Vi sparar ingen personlig information om er, men tredje part, s\u00e5 som biljettbokningssystem och analysverktyg kan g\u00f6ra det.<\/p>\n\n\n\n<h3 class=\"wp-block-heading\">Material fr\u00e5n andra sidor<\/h3>\n\n\n\n<p>Artiklar p\u00e5 denna sida kan inneh\u00e5lla l\u00e4nkat material fr\u00e5n andra sidor (t.ex. video, bilder, text, etc.). Inl\u00e4nkat material uppf\u00f6r sig p\u00e5 samma s\u00e4tt som om du bes\u00f6kte den inl\u00e4nkade sidan.<\/p>\n\n\n\n<p>Dessa sidor kan i sin tur insamla information om sina anv\u00e4ndare och bes\u00f6kare.<\/p>\n\n\n\n<h2 class=\"wp-block-heading\">Dina r\u00e4ttigheter<\/h2>\n\n\n\n<p>Om du inte vill spara kakor, eller f\u00e5 n\u00e5gon information om dig sparad, kan du v\u00e4lja att inte godk\u00e4nna cookies. Vi kan dock inte garantera att sidan fungerar i samma utstr\u00e4ckning d\u00e5.<\/p>\n\n\n\n<p>Om du \u00e4r r\u00e4dd f\u00f6r att tredje part ska spara information om dig, kan du v\u00e4lja att kontakt dom, eller v\u00e4lja att ej bes\u00f6ka sidan.<\/p>\n\n\n\n<h2 class=\"wp-block-heading\">Kontakta oss<\/h2>\n\n\n\n<p>Om du har n\u00e5gra funderingar kring detta, kan du kontakta oss.<\/p>\n","protected":false},"excerpt":{"rendered":"<p>Vilka vi \u00e4r Vi \u00e4r den ekonomiska f\u00f6reningen S\u00f6r\u00e5kers Folketshusf\u00f6rening u.p.a.V\u00e5r hemsida \u00e4r www.sorakersfolketshus.se Sparande av information Cookies V\u00e5r sida, och tredje part, kan spara s\u00e5 kallade kakor, f\u00f6r g\u00f6ra upplevelsen b\u00e4ttre f\u00f6r er. Vi<\/p>\n","protected":false},"author":1,"featured_media":0,"parent":5,"menu_order":0,"comment_status":"closed","ping_status":"open","template":"","meta":{"footnotes":""},"_links":{"self":[{"href":"https:\/\/Sorakersfolketshus.se\/index.php?rest_route=\/wp\/v2\/pages\/3"}],"collection":[{"href":"https:\/\/Sorakersfolketshus.se\/index.php?rest_route=\/wp\/v2\/pages"}],"about":[{"href":"https:\/\/Sorakersfolketshus.se\/index.php?rest_route=\/wp\/v2\/types\/page"}],"author":[{"embeddable":true,"href":"https:\/\/Sorakersfolketshus.se\/index.php?rest_route=\/wp\/v2\/users\/1"}],"replies":[{"embeddable":true,"href":"https:\/\/Sorakersfolketshus.se\/index.php?rest_route=%2Fwp%2Fv2%2Fcomments&post=3"}],"version-history":[{"count":6,"href":"https:\/\/Sorakersfolketshus.se\/index.php?rest_route=\/wp\/v2\/pages\/3\/revisions"}],"predecessor-version":[{"id":236,"href":"https:\/\/Sorakersfolketshus.se\/index.php?rest_route=\/wp\/v2\/pages\/3\/revisions\/236"}],"up":[{"embeddable":true,"href":"https:\/\/Sorakersfolketshus.se\/index.php?rest_route=\/wp\/v2\/pages\/5"}],"wp:attachment":[{"href":"https:\/\/Sorakersfolketshus.se\/index.php?rest_route=%2Fwp%2Fv2%2Fmedia&parent=3"}],"curies":[{"name":"wp","href":"https:\/\/api.w.org\/{rel}","templated":true}]}}