{"id":5,"date":"2019-08-29T13:07:59","date_gmt":"2019-08-29T13:07:59","guid":{"rendered":"https:\/\/Sorakersfolketshus.se\/?page_id=5"},"modified":"2019-08-30T08:55:32","modified_gmt":"2019-08-30T08:55:32","slug":"hem","status":"publish","type":"page","link":"https:\/\/Sorakersfolketshus.se\/","title":{"rendered":"Hem"},"content":{"rendered":"\n<p>\n\nS\u00f6r\u00e5kers Folkets Hus \u00e4r det lilla kulturhuset med den stora verksamheten. V\u00e5rt arbete pr\u00e4glas av kvalitet och insikt och v\u00e5r str\u00e4van \u00e4r att i vuxenlokaler skapa varma och v\u00e4lkomnande milj\u00f6er d\u00e4r unga m\u00e4nniskor, barn, vuxna och pension\u00e4rer ska hitta en oas. Hos oss \u00e4r barn och ungdomar &#8221;etta p\u00e5 pucken&#8221;.\n\n<\/p>\n","protected":false},"excerpt":{"rendered":"<p>S\u00f6r\u00e5kers Folkets Hus \u00e4r det lilla kulturhuset med den stora verksamheten. V\u00e5rt arbete pr\u00e4glas av kvalitet och insikt och v\u00e5r str\u00e4van \u00e4r att i vuxenlokaler skapa varma och v\u00e4lkomnande milj\u00f6er d\u00e4r unga m\u00e4nniskor, barn, vuxna<\/p>\n","protected":false},"author":1,"featured_media":0,"parent":0,"menu_order":0,"comment_status":"closed","ping_status":"closed","template":"","meta":{"footnotes":""},"_links":{"self":[{"href":"https:\/\/Sorakersfolketshus.se\/index.php?rest_route=\/wp\/v2\/pages\/5"}],"collection":[{"href":"https:\/\/Sorakersfolketshus.se\/index.php?rest_route=\/wp\/v2\/pages"}],"about":[{"href":"https:\/\/Sorakersfolketshus.se\/index.php?rest_route=\/wp\/v2\/types\/page"}],"author":[{"embeddable":true,"href":"https:\/\/Sorakersfolketshus.se\/index.php?rest_route=\/wp\/v2\/users\/1"}],"replies":[{"embeddable":true,"href":"https:\/\/Sorakersfolketshus.se\/index.php?rest_route=%2Fwp%2Fv2%2Fcomments&post=5"}],"version-history":[{"count":2,"href":"https:\/\/Sorakersfolketshus.se\/index.php?rest_route=\/wp\/v2\/pages\/5\/revisions"}],"predecessor-version":[{"id":88,"href":"https:\/\/Sorakersfolketshus.se\/index.php?rest_route=\/wp\/v2\/pages\/5\/revisions\/88"}],"wp:attachment":[{"href":"https:\/\/Sorakersfolketshus.se\/index.php?rest_route=%2Fwp%2Fv2%2Fmedia&parent=5"}],"curies":[{"name":"wp","href":"https:\/\/api.w.org\/{rel}","templated":true}]}}